{"id":14461,"date":"2025-11-07T21:56:30","date_gmt":"2025-11-07T20:56:30","guid":{"rendered":"https:\/\/www.maela.shop\/?post_type=product&#038;p=14461"},"modified":"2025-11-07T22:04:16","modified_gmt":"2025-11-07T21:04:16","slug":"the-gambler-no-2-statement-piece-anhaenger-aus-18-karat-gelbgold-mit-lemon-quartz-citrin-amethyst-swiss-blue-topas-maela","status":"publish","type":"product","link":"https:\/\/www.maela.shop\/en\/customized-jewelry\/the-gambler-no-2-statement-piece-anhaenger-aus-18-karat-gelbgold-mit-lemon-quartz-citrin-amethyst-swiss-blue-topas-maela\/","title":{"rendered":"The Gambler No 2 \u2013 Statement Piece Anh\u00e4nger aus 18 Karat Gelbgold mit Lemon Quartz, Citrin, Amethyst &#038; Swiss Blue Topas | Ma\u00ebla"},"content":{"rendered":"<h2>The Gambler 2 Anh\u00e4nger 18 K Gelbgold Ma\u00ebla<\/h2>\n<h3>The Gambler 2 Anh\u00e4nger 18 K Gelbgold Ma\u00ebla \u2013 High Jewellery Einzelst\u00fcck<\/h3>\n<p><em>The Gambler 2<\/em> ist das ikonischste Einzelst\u00fcck der Ma\u00ebla High Jewellery Collection \u2013 ein luxuri\u00f6ser Anh\u00e4nger aus 18 K Gelbgold mit Lemon Quartz, Citrin, Amethyst und Swiss Blue Topas. Farbe, Licht und Pr\u00e4zision in perfekter Harmonie.<\/p>\n<p>Jeder Edelstein wurde einzeln gew\u00e4hlt und meisterlich gefasst. Dieses Sammlerst\u00fcck verk\u00f6rpert die Essenz von Ma\u00ebla \u2013 kompromisslos, leuchtend, unwiederholbar. <strong>Preis auf Anfrage.<\/strong><\/p>\n<h4>The Gambler 2 Anh\u00e4nger 18 K Gelbgold Ma\u00ebla \u2013 Materialien &amp; Details<\/h4>\n<ul>\n<li><strong>Lemon Quartz<\/strong> \u2013 klar facettiert, intensiv gelb mit warmem Glanz<\/li>\n<li><strong>Citrin<\/strong> \u2013 sonnig golden, satter Farbton<\/li>\n<li><strong>Amethyst<\/strong> \u2013 violett mit transparenter Tiefe<\/li>\n<li><strong>Swiss Blue Topas<\/strong> \u2013 brillant blau, hohe Reinheit<\/li>\n<li><strong>Fassung<\/strong> \u2013 18 K Gelbgold, handgearbeitet, deutsche Goldschmiedekunst<\/li>\n<li><strong>Edition<\/strong> \u2013 Einzelst\u00fcck (Unique Piece), Preis auf Anfrage<\/li>\n<\/ul>\n<p><strong>Ma\u00ebla steht f\u00fcr den Luxus, man selbst zu sein.<\/strong><\/p>\n","protected":false},"excerpt":{"rendered":"<p>Ein Einzelst\u00fcck der Ma\u00ebla High Jewellery Kollektion: The Gambler 2 \u2013 Anh\u00e4nger in 18 K Gelbgold.<br \/>\nHandgefertigt, ikonisch, kompromisslos \u2013 Preis auf Anfrage.<\/p>\n","protected":false},"featured_media":14288,"template":"","meta":{"_seopress_robots_primary_cat":"none","_seopress_titles_title":"The Gambler NO 2 Anh\u00e4nger 18 K Gelbgold | Ma\u00ebla","_seopress_titles_desc":"The Gambler NO 2: exklusiver Anh\u00e4nger in 18 K Gelbgold. Einzelst\u00fcck der Ma\u00ebla High Jewellery Kollektion \u2013 handgefertigt, ikonisch, Preis auf Anfrage.","_seopress_robots_index":""},"product_brand":[],"product_cat":[497,739,120],"product_tag":[649,950,446,1008,805,443,971,969,816,645,756,157,614,963,970,185,671,680,968,764,1009,962,733,494,967,961,640],"class_list":{"0":"post-14461","1":"product","2":"type-product","3":"status-publish","4":"has-post-thumbnail","6":"product_cat-add-ons-pendants","7":"product_cat-kollektion-the-gambler","8":"product_cat-alle-schmuckstuecke","9":"product_tag-18-k-gelbgold","10":"product_tag-750-gelbgold","11":"product_tag-amethyst-2","12":"product_tag-amethyst-swiss-blue-topas-maela","13":"product_tag-aussergewoehnlicher-anhaenger","14":"product_tag-citrin","15":"product_tag-collectors-item","16":"product_tag-designer-anhaenger","17":"product_tag-einzelstueck","18":"product_tag-exklusiver-schmuck","19":"product_tag-farbige-edelsteine","20":"product_tag-handgefertigt","21":"product_tag-high-jewellery","22":"product_tag-high-end-goldschmiedekunst","23":"product_tag-ikonisches-design","24":"product_tag-lemon-quartz","25":"product_tag-limitierte-edition","26":"product_tag-luxus-schmuck","27":"product_tag-maela-anhaenger","28":"product_tag-maela-high-jewellery","29":"product_tag-piece-anhaenger-aus-18-karat-gelbgold-mit-lemon-quartz","30":"product_tag-sammlerstueck","31":"product_tag-statement-piece","32":"product_tag-swiss-blue-topas","33":"product_tag-teuerstes-stueck-maela","34":"product_tag-the-gambler-2","35":"product_tag-unikat","37":"first","38":"instock","39":"taxable","40":"shipping-taxable","41":"product-type-simple"},"jetpack_sharing_enabled":true,"_links":{"self":[{"href":"https:\/\/www.maela.shop\/en\/wp-json\/wp\/v2\/product\/14461","targetHints":{"allow":["GET"]}}],"collection":[{"href":"https:\/\/www.maela.shop\/en\/wp-json\/wp\/v2\/product"}],"about":[{"href":"https:\/\/www.maela.shop\/en\/wp-json\/wp\/v2\/types\/product"}],"version-history":[{"count":10,"href":"https:\/\/www.maela.shop\/en\/wp-json\/wp\/v2\/product\/14461\/revisions"}],"predecessor-version":[{"id":14781,"href":"https:\/\/www.maela.shop\/en\/wp-json\/wp\/v2\/product\/14461\/revisions\/14781"}],"wp:featuredmedia":[{"embeddable":true,"href":"https:\/\/www.maela.shop\/en\/wp-json\/wp\/v2\/media\/14288"}],"wp:attachment":[{"href":"https:\/\/www.maela.shop\/en\/wp-json\/wp\/v2\/media?parent=14461"}],"wp:term":[{"taxonomy":"product_brand","embeddable":true,"href":"https:\/\/www.maela.shop\/en\/wp-json\/wp\/v2\/product_brand?post=14461"},{"taxonomy":"product_cat","embeddable":true,"href":"https:\/\/www.maela.shop\/en\/wp-json\/wp\/v2\/product_cat?post=14461"},{"taxonomy":"product_tag","embeddable":true,"href":"https:\/\/www.maela.shop\/en\/wp-json\/wp\/v2\/product_tag?post=14461"}],"curies":[{"name":"wp","href":"https:\/\/api.w.org\/{rel}","templated":true}]}}