{"id":13819,"date":"2025-10-20T13:15:06","date_gmt":"2025-10-20T11:15:06","guid":{"rendered":"https:\/\/www.maela.shop\/?post_type=product&#038;p=13819"},"modified":"2025-11-03T16:40:12","modified_gmt":"2025-11-03T15:40:12","slug":"https-www-maela-shop-armband-suedseeperlen-lapislazuli-amethyst-18k-gelbgold-maela","status":"publish","type":"product","link":"https:\/\/www.maela.shop\/en\/customized-jewelry\/https-www-maela-shop-armband-suedseeperlen-lapislazuli-amethyst-18k-gelbgold-maela\/","title":{"rendered":"Indigo Bravoure \u2013 S\u00fcdseeperlen Armband mit Lapislazuli Bl\u00fcte, Amethyst &#038; 18 K Gelbgold | Ma\u00ebla"},"content":{"rendered":"<p>Ein Armband f\u00fcr Frauen, die Pr\u00e4senz ohne Lautst\u00e4rke verk\u00f6rpern \u2013 zeitlos, pur, charakterstark.<\/p>\n<h2>S\u00fcdseeperlen Armband \u201eIndigo Bravoure\u201c mit Lapislazuli Bl\u00fcte &#038; Amethyst in 18 K Gold | Ma\u00ebla<\/h2>\n<p><em>Indigo Bravoure<\/em> vereint linsenf\u00f6rmige wei\u00dfe S\u00fcdseeperlen mit einer handgeschnitzten Lapislazuli Bl\u00fcte und zwei facettierten Amethysten. Das tiefe Blau des Lapislazuli mit goldenen Pyritadern trifft auf das klare Violett des Amethysten \u2013 verbunden durch edles 18 K Gold. Ein harmonisches Zusammenspiel von Farbe, Licht und Struktur \u2013 pr\u00e4zise, elegant und voller Ausdruckskraft.<\/p>\n<h3>Amethyst Armband \u2013 Materialien &amp; Details<\/h3>\n<ul>\n<li>Wei\u00dfe S\u00fcdseeperlen \u2013 linsenf\u00f6rmig, exzellenter L\u00fcster<\/li>\n<li>Lapislazuli Bl\u00fcte \u2013 handgeschnitzt, mit nat\u00fcrlichen Pyritadern<\/li>\n<li>Zwei Amethyste \u2013 facettiert, klare Lichtbrechung<\/li>\n<li>18 K Gelbgold (Feingehalt 750 \u2030)<\/li>\n<li>Handgefertigt in Deutschland<\/li>\n<li>Kategorie: <em>Armschmuck | Ma\u00ebla<\/em><\/li>\n<\/ul>\n<p><strong>Unverwechselbar. Ma\u00ebla.<\/strong><\/p>\n","protected":false},"excerpt":{"rendered":"<p>Armband aus 18 K Gelbgold mit S\u00fcdseeperlen, handgeschnitzter Lapislazuli-Bl\u00fcte und zwei Amethysten. Handgefertigtes Statement-Piece von Ma\u00ebla.<\/p>\n","protected":false},"featured_media":14283,"template":"","meta":{"_seopress_robots_primary_cat":"none","_seopress_titles_title":"Indigo Bravoure: S\u00fcdseeperlenarmband | Ma\u00ebla","_seopress_titles_desc":"","_seopress_robots_index":""},"product_brand":[],"product_cat":[730,120],"product_tag":[649,633,446,162,659,608,736,645,157,137,614,642,734,232,650,652,735,637,700,651,732,733,635,643,648,697],"class_list":{"0":"post-13819","1":"product","2":"type-product","3":"status-publish","4":"has-post-thumbnail","6":"product_cat-kollektion-laissez-fleur","7":"product_cat-alle-schmuckstuecke","8":"product_tag-18-k-gelbgold","9":"product_tag-18-karat-gold","10":"product_tag-amethyst-2","11":"product_tag-armband","12":"product_tag-designer-schmuck","13":"product_tag-edelsteinbluete","14":"product_tag-exklusiver-armschmuck","15":"product_tag-exklusiver-schmuck","16":"product_tag-handgefertigt","17":"product_tag-handgeschnitzt","18":"product_tag-high-jewellery","19":"product_tag-indigo-bravoure","20":"product_tag-laissez-fleur-kollektion","21":"product_tag-lapislazuli","22":"product_tag-lapislazuli-bluete","23":"product_tag-luxurioeses-armband","24":"product_tag-luxusschmuck","25":"product_tag-maela-jewellery","26":"product_tag-maela-kollektion","27":"product_tag-mix-match","28":"product_tag-opulenter-schmuck","29":"product_tag-statement-piece","30":"product_tag-statement-schmuck","31":"product_tag-suedseeperlen","32":"product_tag-suedseeperlenarmband","33":"product_tag-wandelbarer-schmuck","35":"first","36":"instock","37":"taxable","38":"shipping-taxable","39":"purchasable","40":"product-type-simple"},"jetpack_sharing_enabled":true,"_links":{"self":[{"href":"https:\/\/www.maela.shop\/en\/wp-json\/wp\/v2\/product\/13819","targetHints":{"allow":["GET"]}}],"collection":[{"href":"https:\/\/www.maela.shop\/en\/wp-json\/wp\/v2\/product"}],"about":[{"href":"https:\/\/www.maela.shop\/en\/wp-json\/wp\/v2\/types\/product"}],"version-history":[{"count":10,"href":"https:\/\/www.maela.shop\/en\/wp-json\/wp\/v2\/product\/13819\/revisions"}],"predecessor-version":[{"id":14395,"href":"https:\/\/www.maela.shop\/en\/wp-json\/wp\/v2\/product\/13819\/revisions\/14395"}],"wp:featuredmedia":[{"embeddable":true,"href":"https:\/\/www.maela.shop\/en\/wp-json\/wp\/v2\/media\/14283"}],"wp:attachment":[{"href":"https:\/\/www.maela.shop\/en\/wp-json\/wp\/v2\/media?parent=13819"}],"wp:term":[{"taxonomy":"product_brand","embeddable":true,"href":"https:\/\/www.maela.shop\/en\/wp-json\/wp\/v2\/product_brand?post=13819"},{"taxonomy":"product_cat","embeddable":true,"href":"https:\/\/www.maela.shop\/en\/wp-json\/wp\/v2\/product_cat?post=13819"},{"taxonomy":"product_tag","embeddable":true,"href":"https:\/\/www.maela.shop\/en\/wp-json\/wp\/v2\/product_tag?post=13819"}],"curies":[{"name":"wp","href":"https:\/\/api.w.org\/{rel}","templated":true}]}}