{"id":13330,"date":"2025-06-24T22:51:42","date_gmt":"2025-06-24T20:51:42","guid":{"rendered":"https:\/\/www.maela.shop\/?post_type=product&#038;p=13330"},"modified":"2025-11-03T16:41:13","modified_gmt":"2025-11-03T15:41:13","slug":"https-www-maela-shop-individueller-schmuck-anhaenger-onyxbluete-suedseeperle-weissgold-ombre-dor-maela","status":"publish","type":"product","link":"https:\/\/www.maela.shop\/en\/customized-jewelry\/https-www-maela-shop-individueller-schmuck-anhaenger-onyxbluete-suedseeperle-weissgold-ombre-dor-maela\/","title":{"rendered":"Ombre D\u2018Or &#8211; Anh\u00e4nger Onyx Bl\u00fcte, goldene S\u00fcdsee Perle , 18 Karat Gelbgold"},"content":{"rendered":"<p>Eine handgeschnitzte Bl\u00fcte aus schwarzem Onyx \u2013 tief wie Nacht, klar in jeder Linie.<\/p>\n<p>In ihrer Mitte leuchtet eine goldene S\u00fcdseeperle, eingefasst in 18 K Wei\u00dfgold.<\/p>\n<p>Ombre d\u2019Or lebt von diesem Spannungsbogen: Dunkel und Licht, H\u00e4rte und Glanz, Stille und Strahlkraft.<\/p>\n<p>Der Kontrast ist kein Zufall, sondern Konzept \u2013 ein Spiel von Gegens\u00e4tzen, das sich in vollkommener Balance h\u00e4lt.<\/p>\n<p>In 18 K Wei\u00dfgold gefasst \u2013 souver\u00e4n, kompromisslos, unverwechselbar Ma\u00ebla.<\/p>\n<p>&lt;h2&gt;Materialien:&lt;\/h2&gt;<\/p>\n<p>&#8211; Bl\u00fcte aus schwarzem Onyx, handgeschnitzt<br \/>\n&#8211; Goldene S\u00fcdseeperle<br \/>\n&#8211; 18 K Wei\u00dfgold<br \/>\n&#8211; Karabiner zur Kombination mit verschiedenen Ketten<\/p>\n","protected":false},"excerpt":{"rendered":"<p>Anh\u00e4nger aus handgeschnitzter Onyx-Bl\u00fcte mit goldener S\u00fcdseeperle, gefasst in 18 K Wei\u00dfgold. Ausdrucksstark und pr\u00e4zise gefertigt \u2013 Ma\u00ebla.<\/p>\n","protected":false},"featured_media":13515,"template":"","meta":{"_seopress_robots_primary_cat":"none","_seopress_titles_title":"Ombre d\u2019Or \u2013 Onyx-Anh\u00e4nger mit goldener S\u00fcdseeperle | Ma\u00ebla","_seopress_titles_desc":"Anh\u00e4nger aus schwarzer Onyx-Bl\u00fcte mit goldener S\u00fcdseeperle, gefasst in 18 K Wei\u00dfgold. Ein Statement von Balance und Strahlkraft \u2013 Ma\u00ebla .","_seopress_robots_index":""},"product_brand":[],"product_cat":[497,730,120,125,126,127],"product_tag":[655,659,632,639,658,631,179,136,137,614,634,629,637,653,660,654,636,635,656,661,657],"class_list":{"0":"post-13330","1":"product","2":"type-product","3":"status-publish","4":"has-post-thumbnail","6":"product_cat-add-ons-pendants","7":"product_cat-kollektion-laissez-fleur","8":"product_cat-alle-schmuckstuecke","9":"product_cat-precious-pearls","10":"product_cat-mixed-materials","11":"product_cat-colorful-gems-world","12":"product_tag-18-k-weissgold","13":"product_tag-designer-schmuck","14":"product_tag-edelsteinanhaenger","15":"product_tag-exklusiver-anhaenger","16":"product_tag-fein-gearbeiteter-schmuck","17":"product_tag-goldene-suedseeperle","18":"product_tag-goldschmiedekunst","19":"product_tag-handarbeit","20":"product_tag-handgeschnitzt","21":"product_tag-high-jewellery","22":"product_tag-luxurioeser-schmuck","23":"product_tag-maela","24":"product_tag-maela-jewellery","25":"product_tag-ombre-dor","26":"product_tag-onyx-blume","27":"product_tag-onyx-bluete","28":"product_tag-onyx-schmuck","29":"product_tag-statement-schmuck","30":"product_tag-suedseeperlen-anhaenger","31":"product_tag-suedseeperlen-schmuck","32":"product_tag-unikat-schmuck","34":"first","35":"instock","36":"taxable","37":"shipping-taxable","38":"purchasable","39":"product-type-simple"},"jetpack_sharing_enabled":true,"_links":{"self":[{"href":"https:\/\/www.maela.shop\/en\/wp-json\/wp\/v2\/product\/13330","targetHints":{"allow":["GET"]}}],"collection":[{"href":"https:\/\/www.maela.shop\/en\/wp-json\/wp\/v2\/product"}],"about":[{"href":"https:\/\/www.maela.shop\/en\/wp-json\/wp\/v2\/types\/product"}],"version-history":[{"count":4,"href":"https:\/\/www.maela.shop\/en\/wp-json\/wp\/v2\/product\/13330\/revisions"}],"predecessor-version":[{"id":13826,"href":"https:\/\/www.maela.shop\/en\/wp-json\/wp\/v2\/product\/13330\/revisions\/13826"}],"wp:featuredmedia":[{"embeddable":true,"href":"https:\/\/www.maela.shop\/en\/wp-json\/wp\/v2\/media\/13515"}],"wp:attachment":[{"href":"https:\/\/www.maela.shop\/en\/wp-json\/wp\/v2\/media?parent=13330"}],"wp:term":[{"taxonomy":"product_brand","embeddable":true,"href":"https:\/\/www.maela.shop\/en\/wp-json\/wp\/v2\/product_brand?post=13330"},{"taxonomy":"product_cat","embeddable":true,"href":"https:\/\/www.maela.shop\/en\/wp-json\/wp\/v2\/product_cat?post=13330"},{"taxonomy":"product_tag","embeddable":true,"href":"https:\/\/www.maela.shop\/en\/wp-json\/wp\/v2\/product_tag?post=13330"}],"curies":[{"name":"wp","href":"https:\/\/api.w.org\/{rel}","templated":true}]}}