{"id":12430,"date":"2025-11-10T20:12:10","date_gmt":"2025-11-10T19:12:10","guid":{"rendered":"https:\/\/www.maela.shop\/?post_type=product&#038;p=12430"},"modified":"2025-11-10T20:12:11","modified_gmt":"2025-11-10T19:12:11","slug":"be-yourself-be-precious-5-ring-maela","status":"publish","type":"product","link":"https:\/\/www.maela.shop\/en\/customized-jewelry\/be-yourself-be-precious-5-ring-maela\/","title":{"rendered":"Be Yourself Be Precious 5 Ring \u2013 Ma\u00ebla"},"content":{"rendered":"<h2>Be Yourself Be Precious 5 Ring \u2013 Ma\u00ebla<\/h2>\n<p>Be Yourself Be Precious 5 ist ein kraftvoller Statement-Ring aus 18K Gold, gefasst mit Amethyst, Swiss Blue Topas, Tourmalin und einer goldenen S\u00fcdseeperle \u2013 ein St\u00fcck voller Pr\u00e4senz, Farbe und Charakter.<\/p>\n<h3>Details zum Be Yourself Be Precious 5 Ring \u2013 Ma\u00ebla<\/h3>\n<ul>\n<li>18K Gelbgold, handgefertigt<\/li>\n<li>Amethyst \u2013 facettiert und intensiv<\/li>\n<li>Swiss Blue Topas \u2013 klar und brillant<\/li>\n<li>Tourmalin \u2013 farbkr\u00e4ftig und lebendig<\/li>\n<li>Goldene S\u00fcdseeperle \u2013 AAA Qualit\u00e4t<\/li>\n<\/ul>\n<p><strong>Kompromisslos, Ma\u00ebla.<\/strong><\/p>\n<h2>Be Yourself Be Precious 5 Ring \u2013 Ma\u00ebla<\/h2>\n<p>Be Yourself Be Precious 5 ist ein kraftvoller Statement-Ring aus 18K Gold, gefasst mit Amethyst, Swiss Blue Topas, Tourmalin und einer goldenen S\u00fcdseeperle \u2013 ein St\u00fcck voller Pr\u00e4senz, Farbe und Charakter.<\/p>\n<h3>Details zum Be Yourself Be Precious 5 Ring \u2013 Ma\u00ebla<\/h3>\n<ul>\n<li>18K Gelbgold, handgefertigt<\/li>\n<li>Amethyst \u2013 facettiert und intensiv<\/li>\n<li>Swiss Blue Topas \u2013 klar und brillant<\/li>\n<li>Tourmalin \u2013 farbkr\u00e4ftig und lebendig<\/li>\n<li>Goldene S\u00fcdseeperle \u2013 AAA Qualit\u00e4t<\/li>\n<\/ul>\n<p><strong>Kompromisslos, Ma\u00ebla.<\/strong><\/p>\n","protected":false},"excerpt":{"rendered":"<p>Ein kraftvoller Statement-Ring aus 18K Gold, besetzt mit Amethyst, Swiss Blue Topas, Tourmalin und einer goldenen S\u00fcdseeperle. F\u00fcr Frauen, die Pr\u00e4senz tragen \u2013 kompromisslos, Ma\u00ebla.<\/p>\n","protected":false},"featured_media":14630,"template":"","meta":{"_seopress_robots_primary_cat":"none","_seopress_titles_title":"Be Yourself Be Precious 5 Ring \u2013 18K Gold & Perle | Ma\u00ebla","_seopress_titles_desc":"Ein Statement aus 18K Gold: Der Be Yourself Be Precious 5 Ring mit Amethyst, Swiss Blue Topas, Tourmalin und goldener S\u00fcdseeperle. Handgefertigter Luxus von Ma\u00ebla.","_seopress_robots_index":""},"product_brand":[],"product_cat":[1011,120,121],"product_tag":[649,991,859,964,987,1003,813,995,998,996,988,1002,992,179,993,614,1005,735,999,764,979,994,1001,997,1000,602,982,989,990,1004],"class_list":{"0":"post-12430","1":"product","2":"type-product","3":"status-publish","4":"has-post-thumbnail","6":"product_cat-be-yourself-be-precious","7":"product_cat-alle-schmuckstuecke","8":"product_cat-ringe","9":"product_tag-18-k-gelbgold","10":"product_tag-750-gold","11":"product_tag-amethyst-ring","12":"product_tag-aussergewoehnlicher-ring","13":"product_tag-be-yourself-be-precious-5","14":"product_tag-colourful-gems","15":"product_tag-designerschmuck","16":"product_tag-edelsteinring-gold","17":"product_tag-exklusive-kollektion","18":"product_tag-farbedelstein-ring","19":"product_tag-farbsteinring","20":"product_tag-golden-south-sea-pearl-ring","21":"product_tag-goldring-damen","22":"product_tag-goldschmiedekunst","23":"product_tag-handgefertigter-ring","24":"product_tag-high-jewellery","25":"product_tag-luxury-jewellery-germany","26":"product_tag-luxusschmuck","27":"product_tag-maela-collection","28":"product_tag-maela-high-jewellery","29":"product_tag-maela-ring","30":"product_tag-moderner-statement-ring","31":"product_tag-perlenring-gold","32":"product_tag-premium-goldschmuck","33":"product_tag-ring-mit-edelsteinen","34":"product_tag-statement-ring","35":"product_tag-suedseeperlen-ring","36":"product_tag-swiss-blue-topas-ring","37":"product_tag-tourmalin-ring","38":"product_tag-unikat-ring-look","40":"first","41":"instock","42":"taxable","43":"shipping-taxable","44":"purchasable","45":"product-type-simple"},"jetpack_sharing_enabled":true,"_links":{"self":[{"href":"https:\/\/www.maela.shop\/en\/wp-json\/wp\/v2\/product\/12430","targetHints":{"allow":["GET"]}}],"collection":[{"href":"https:\/\/www.maela.shop\/en\/wp-json\/wp\/v2\/product"}],"about":[{"href":"https:\/\/www.maela.shop\/en\/wp-json\/wp\/v2\/types\/product"}],"version-history":[{"count":3,"href":"https:\/\/www.maela.shop\/en\/wp-json\/wp\/v2\/product\/12430\/revisions"}],"predecessor-version":[{"id":14633,"href":"https:\/\/www.maela.shop\/en\/wp-json\/wp\/v2\/product\/12430\/revisions\/14633"}],"wp:featuredmedia":[{"embeddable":true,"href":"https:\/\/www.maela.shop\/en\/wp-json\/wp\/v2\/media\/14630"}],"wp:attachment":[{"href":"https:\/\/www.maela.shop\/en\/wp-json\/wp\/v2\/media?parent=12430"}],"wp:term":[{"taxonomy":"product_brand","embeddable":true,"href":"https:\/\/www.maela.shop\/en\/wp-json\/wp\/v2\/product_brand?post=12430"},{"taxonomy":"product_cat","embeddable":true,"href":"https:\/\/www.maela.shop\/en\/wp-json\/wp\/v2\/product_cat?post=12430"},{"taxonomy":"product_tag","embeddable":true,"href":"https:\/\/www.maela.shop\/en\/wp-json\/wp\/v2\/product_tag?post=12430"}],"curies":[{"name":"wp","href":"https:\/\/api.w.org\/{rel}","templated":true}]}}